{"id":1757,"date":"2021-02-11T18:20:02","date_gmt":"2021-02-11T18:20:02","guid":{"rendered":"https:\/\/bluefoxcargo.com\/notice-of-privacy\/"},"modified":"2021-03-18T17:07:19","modified_gmt":"2021-03-18T17:07:19","slug":"aviso-de-privacidad","status":"publish","type":"page","link":"https:\/\/bluefoxcargo.com\/es\/aviso-de-privacidad\/","title":{"rendered":"Aviso de Privacidad"},"content":{"rendered":"<div class=\"wrap-content bg-breadcrumbs\"><div class=\"container\"><ol class=\"breadcrumbs\">\n    <li><a href=\"https:\/\/bluefoxcargo.com\/es\/\">Inicio<\/a><\/li>\n \n \n \n \n \n\n\n<\/ol>\n<\/div><\/div>\n\n\n\n<section class=\"wp-block-agctexdomain-wrapper-agcblocks alignwide paddingTopBottom50 backgroundNoRepeat backgroundContain alturaDefault\"><div class=\"container\"><div class=\"wrapper-inner-blocks\">\n<section class=\"wp-block-agctexdomain-columnas-agcblocks alignwide columnas col-1 col-1-a paddingTopBottom0 backgroundNoRepeat backgroundContain alturaDefault\"><div class=\"container\">\n<div class=\"wp-block-agctexdomain-columna-agcblocks Columna ag-animation css-animacionNone  JustifyflexStart backgroundNoRepeat backgroundContain\" data-ag-animation=\"animacionNone\"><div class=\"ColumnaContent paddingTopBottom0 paddingLeftRight20\">\n<p><strong>BLUEFOX CARGO GROUP, S.A. DE C.V. \u2013 AVISO DE PRIVACIDAD<\/strong><\/p>\n\n\n\n<p>Mediante este aviso, BLUEFOX CARGO GROUP, S.A. de C.V. (en adelante el \u201cPrestador de servicios\u201d), con domicilio en Ricardo Margain 575, Torre D, &nbsp;Colonia Parque Corp. Santa Engracia, San Pedro Garza Garc\u00eda, C.P 66267 Nuevo Le\u00f3n, M\u00e9xico, le informa que como Prestador de servicios efectuar\u00e1 el tratamiento de sus datos personales en las siguientes categor\u00edas: identificaci\u00f3n, patrimonial y fiscal, manifestando expresamente que no se har\u00e1 tratamiento de datos considerados como sensibles por la Ley Federal de Protecci\u00f3n de Datos Personales en Posesi\u00f3n de Particulares.<\/p>\n\n\n\n<p>La finalidad del tratamiento de sus datos personales ser\u00e1 para utilizarlos en los siguientes procesos: (i) integraci\u00f3n de bases de datos de clientes; (ii) integraci\u00f3n de bases de datos de proveedores; (iii) ofrecimiento de productos o servicios; (iv) solicitud de productos o servicios; (v) arrendamiento; (vi) otorgamiento y garant\u00eda de cr\u00e9ditos y seguros; (vii) preparaci\u00f3n y celebraci\u00f3n de actos jur\u00eddicos; (viii) control de acceso a instalaciones del Prestador de servicios; (ix) seguros y fianzas; (x) reclutamiento; (xi) contrataci\u00f3n laboral.&nbsp; Todas las anteriores son necesarias para la existencia, mantenimiento y cumplimiento de la relaci\u00f3n jur\u00eddica que exista o pueda existir entre Usted y el Prestador de servicios.<\/p>\n\n\n\n<p>Si Usted considera que el tratamiento de datos est\u00e1 siendo efectuado para otros fines que no son necesarias y que no deriven de su relaci\u00f3n jur\u00eddica con el Prestador de servicios, Usted podr\u00e1 manifestar su negativa mediante solicitud por escrito presentada al Departamento Jur\u00eddico Corporativo designado por el Prestador de servicios (en adelante el \u201cLegal\u201d), con domicilio en Ricardo Margain 575, Torre D, Piso 4, Suite 4542, Colonia Parque Corp. Santa Engracia, San Pedro Garza Garc\u00eda, C.P 66267 Nuevo Le\u00f3n, M\u00e9xico o mediante solicitud enviada a la direcci\u00f3n de correo electr\u00f3nico&nbsp;info@bluefoxcargo.com<\/p>\n\n\n\n<p>Sus datos personales podr\u00e1n ser transferidos a terceros nacionales o extranjeros que est\u00e9n relacionados jur\u00eddica o comercialmente con el Prestador de servicios, las finalidades de dichas transferencias ser\u00e1n las ya incluidas en el presente aviso de privacidad.<\/p>\n\n\n\n<p>De igual forma, le informamos que los derechos de cancelaci\u00f3n, acceso, rectificaci\u00f3n, y negaci\u00f3n respecto a sus datos personales pueden ser ejercidos directamente ante el Prestador de servicios, con domicilio en Ricardo Margain 575, Torre D,&nbsp; Colonia Parque Corp. Santa Engracia, San Pedro Garza Garc\u00eda, C.P 66267 Nuevo Le\u00f3n, M\u00e9xico, previa cita concertada a trav\u00e9s de la cuenta de correo electr\u00f3nico&nbsp;<a href=\"mailto:info@bluefoxcargo.com\">info@bluefoxcargo.com<\/a>&nbsp;o al tel\u00e9fono&nbsp;+52 (81)8007151, o a trav\u00e9s de la p\u00e1gina de internet&nbsp;<a href=\"https:\/\/bluefoxcargo.com\/\">www.bluefoxcargo.com<\/a>, la cual contiene los procedimientos establecidos por el Prestador de servicios para el ejercicio de sus derechos.<\/p>\n\n\n\n<p>Le informamos que en cualquier momento, siempre y cuando no afecte alguna relaci\u00f3n jur\u00eddica con el Prestador de servicios o cualquier otra persona, o que no cause perjuicios a terceros, usted puede solicitar se limite el uso o divulgaci\u00f3n de sus datos personales, previo aviso por escrito que entregue al Legal con al menos 15 (quince) d\u00edas h\u00e1biles de anticipaci\u00f3n a la fecha en que pretenda surta efectos dicha limitaci\u00f3n, o mediante solicitud enviada al correo electr\u00f3nico&nbsp;<a href=\"mailto:info@bluefoxcargo.com\">info@bluefoxcargo.com<\/a>&nbsp;con la misma anticipaci\u00f3n.<\/p>\n\n\n\n<p>Tambi\u00e9n le informamos que los t\u00e9rminos del presente aviso de privacidad pueden ser objeto de modificaciones, mismas que ser\u00e1n informadas mediante inserci\u00f3n de las modificaciones en la p\u00e1gina de internet del prestador de servicios&nbsp;<a href=\"https:\/\/bluefoxcargo.com\/\">www.bluefoxcargo.com<\/a>.<\/p>\n\n\n\n<p>En caso que usted no exprese su rechazo dentro de los &nbsp;primeros 5 (cinco) d\u00edas siguientes en que se ponga a su disposici\u00f3n el presente aviso de privacidad, BLUEFOX CARGO GROUP, S.A. de C.V dar\u00e1 por entendido que acepta los t\u00e9rminos del mismo.<\/p>\n\n\n\n<p><strong>T\u00c9RMINOS DE USO DEL SITIO WEB DE&nbsp;BLUEFOX CARGO GROUP, S.A. de C.V<\/strong><\/p>\n\n\n\n<p>La informaci\u00f3n proporcionada en este sitio web es \u00fanicamente para prop\u00f3sitos informativos.&nbsp; BLUEFOX CARGO GROUP, S.A. de C.V. (\u201c<strong>BLUEFOX CARGO<\/strong>\u201d) ni sus subsidiarias o afiliadas otorgan representaci\u00f3n ni garant\u00eda alguna respecto a dicha informaci\u00f3n.&nbsp; El contenido de este sitio web ni cualquier informaci\u00f3n intercambiada a trav\u00e9s del mismo deber\u00e1 ser interpretado como un contrato o una oferta para celebrar cualquier contrato.<\/p>\n\n\n\n<p><strong>BLUEFOX CARGO<\/strong>&nbsp;se reserva el derecho para actualizar, retirar, modificar o adicionar la informaci\u00f3n proporcionada en este sitio web en cualquier momento y sin previo aviso.<\/p>\n\n\n\n<p>Los nombres, logos, denominaciones &nbsp;y cualquier otra informaci\u00f3n contenida en este sitio web son propiedad de&nbsp;<strong>BLUEFOX CARGO<\/strong>, sus subsidiarias, clientes y\/o proveedores, seg\u00fan sea aplicable.<\/p>\n\n\n\n<p>Los visitantes de este sitio web garantizan a&nbsp;<strong>BLUEFOX CARGO<\/strong>&nbsp;que cualquier informaci\u00f3n que proporcionen en su interacci\u00f3n con este sitio web no est\u00e1 sujeta a ninguna obligaci\u00f3n de confidencialidad, dando a&nbsp;<strong>BLUEFOX CARGO<\/strong>&nbsp;el derecho de usar dicha informaci\u00f3n a su conveniencia, de acuerdo con la pol\u00edtica de privacidad de&nbsp;<strong>BLUEFOX CARGO<\/strong>.<\/p>\n\n\n\n<p>Estos t\u00e9rminos de uso son regidos por las leyes de M\u00e9xico.<\/p>\n\n\n\n<p>Copyright \u00a9 2019.&nbsp; BLUEFOX CARGO GROUP, S.A. de C.V. &nbsp;Todos los derechos reservados.<\/p>\n<\/div> <\/div>\n<\/div> <div class=\"bg-forma bg-forma-display-none\"><\/div><\/section>\n<\/div><\/div> <div class=\"bg-forma\"><\/div><\/section>\n","protected":false},"excerpt":{"rendered":"","protected":false},"author":1,"featured_media":0,"parent":0,"menu_order":32,"comment_status":"closed","ping_status":"open","template":"","meta":{"_acf_changed":false,"footnotes":""},"class_list":["post-1757","page","type-page","status-publish","hentry"],"acf":[],"_links":{"self":[{"href":"https:\/\/bluefoxcargo.com\/es\/wp-json\/wp\/v2\/pages\/1757","targetHints":{"allow":["GET"]}}],"collection":[{"href":"https:\/\/bluefoxcargo.com\/es\/wp-json\/wp\/v2\/pages"}],"about":[{"href":"https:\/\/bluefoxcargo.com\/es\/wp-json\/wp\/v2\/types\/page"}],"author":[{"embeddable":true,"href":"https:\/\/bluefoxcargo.com\/es\/wp-json\/wp\/v2\/users\/1"}],"replies":[{"embeddable":true,"href":"https:\/\/bluefoxcargo.com\/es\/wp-json\/wp\/v2\/comments?post=1757"}],"version-history":[{"count":1,"href":"https:\/\/bluefoxcargo.com\/es\/wp-json\/wp\/v2\/pages\/1757\/revisions"}],"predecessor-version":[{"id":1795,"href":"https:\/\/bluefoxcargo.com\/es\/wp-json\/wp\/v2\/pages\/1757\/revisions\/1795"}],"wp:attachment":[{"href":"https:\/\/bluefoxcargo.com\/es\/wp-json\/wp\/v2\/media?parent=1757"}],"curies":[{"name":"wp","href":"https:\/\/api.w.org\/{rel}","templated":true}]}}