{"id":1753,"date":"2021-02-23T18:50:06","date_gmt":"2021-02-23T18:50:06","guid":{"rendered":"https:\/\/bluefoxcargo.com\/about\/"},"modified":"2021-07-23T11:05:13","modified_gmt":"2021-07-23T16:05:13","slug":"nosotros","status":"publish","type":"page","link":"https:\/\/bluefoxcargo.com\/es\/nosotros\/","title":{"rendered":"Nosotros"},"content":{"rendered":"\n<section style=\"background-image:url(https:\/\/bluefoxcargo.com\/wp-content\/uploads\/2021\/02\/slider-01.jpg)\" class=\"wp-block-agctexdomain-wrapper-agcblocks alignwide paddingTopBottom0 backgroundNoRepeat backgroundCover alturaFull\"><div class=\"container\"><div class=\"wrapper-inner-blocks\">\n<section class=\"wp-block-agctexdomain-columnas-agcblocks alignwide columnas col-1 col-1-a paddingTopBottom0 backgroundNoRepeat backgroundContain alturaDefault\"><div class=\"container\">\n<div class=\"wp-block-agctexdomain-columna-agcblocks Columna ag-animation css-animacionNone  JustifyflexCenter backgroundNoRepeat backgroundContain\" data-ag-animation=\"animacionNone\"><div class=\"ColumnaContent paddingTopBottom0 paddingLeftRight20\">\n<h1 class=\"has-text-align-center is-style-headingStyleBorderCenter BigText has-text-color wp-block-heading\" style=\"color:#ffffff\">Quienes somos<\/h1>\n\n\n\n<p class=\"has-text-align-center line-height-normal has-text-color\" style=\"color:#ffffff;font-size:28px\">En cualquier momento, en cualquier lugar, moviendo al mundo<\/p>\n\n\n\n<p><\/p>\n<\/div> <\/div>\n<\/div> <div class=\"bg-forma bg-forma-display-none\"><\/div><\/section>\n<\/div><\/div><div class=\"overlay\" style=\"opacity:0.88;background-color:#032343\"><\/div><div class=\"bg-forma\"><\/div><\/section>\n\n\n\n<section class=\"wp-block-agctexdomain-wrapper-agcblocks alignwide paddingTopBottom100 backgroundNoRepeat backgroundContain alturaDefault\"><div class=\"container\"><div class=\"wrapper-inner-blocks\" style=\"max-width:1100px\">\n<section class=\"wp-block-agctexdomain-columnas-agcblocks alignwide columnas col-1 col-1-a paddingTopBottom0 backgroundNoRepeat backgroundContain alturaDefault\"><div class=\"container\">\n<div class=\"wp-block-agctexdomain-columna-agcblocks Columna ag-animation css-animacionNone  JustifyflexStart backgroundNoRepeat backgroundContain\" data-ag-animation=\"animacionNone\"><div class=\"ColumnaContent paddingTopBottom0 paddingLeftRight20\">\n<h2 class=\"has-text-align-center wp-block-heading\">Quienes somos<\/h2>\n<\/div> <\/div>\n<\/div> <div class=\"bg-forma bg-forma-display-none\"><\/div><\/section>\n\n\n\n<section class=\"wp-block-agctexdomain-columnas-agcblocks alignwide columnas col-2 col-2-a paddingTopBottom0 backgroundNoRepeat backgroundContain alturaDefault\"><div class=\"container\">\n<div class=\"wp-block-agctexdomain-columna-agcblocks Columna ag-animation css-fadeInUp  JustifyflexStart backgroundNoRepeat backgroundContain\" data-ag-animation=\"fadeInUp\"><div class=\"ColumnaContent paddingTopBottom0 paddingLeftRight20\">\n<p>Su negocio est\u00e1 creciendo tan r\u00e1pido y una presencia mundial es esencial para su \u00e9xito.<\/p>\n\n\n\n<p>Bluefox Cargo es un proveedor log\u00edstico de servicio completo en la industria del transporte de carga con m\u00e1s de 20 a\u00f1os de experiencia. Entendemos sus problemas diarios y puede contar con nosotros como un socio confiable con los conocimientos t\u00e9cnicos y pr\u00e1cticos para combinar el transporte mar\u00edtimo, a\u00e9reo y terrestre.<\/p>\n\n\n\n<p>Somos su \u00fanico socio de gesti\u00f3n en toda la cadena de suministros para mover tu carga. Gracias a nuestras consolidadas relaciones con los principales transportistas a\u00e9reos, mar\u00edtimos y terrestres, garantizamos tarifas competitivas para satisfacer cualquier solicitud, tanto en volumen como en plazos de entrega.<\/p>\n<\/div> <\/div>\n\n\n\n<div class=\"wp-block-agctexdomain-columna-agcblocks Columna ag-animation css-fadeInDown  JustifyflexStart backgroundNoRepeat backgroundContain\" data-ag-animation=\"fadeInDown\"><div class=\"ColumnaContent paddingTopBottom0 paddingLeftRight20\">\n<p>Nuestros sistemas inform\u00e1ticos para la trazabilidad de mercanc\u00edas y los sistemas de integraci\u00f3n de datos garantizan servicios eficientes y de alta calidad. Como un actor verdaderamente global, ofrecemos la m\u00e1xima seguridad y servicios personalizados de acuerdo con las solicitudes espec\u00edficas de nuestros clientes.<\/p>\n\n\n\n<p>\u00bfSiente como si estuviera comenzando desde cero para encontrar los buques adecuados para transportar su carga y crear relaciones con las agencias de aduanas? Todo eso ya est\u00e1 resuelto cuando conf\u00eda en los servicios de transporte de carga de <strong>Bluefox Cargo.<\/strong><\/p>\n\n\n\n<p>Estamos comprometidos a construir su cadena de transporte de log\u00edstica.<\/p>\n<\/div> <\/div>\n<\/div> <div class=\"bg-forma bg-forma-display-none\"><\/div><\/section>\n\n\n\n<div style=\"height:50px\" aria-hidden=\"true\" class=\"wp-block-spacer\"><\/div>\n\n\n\n<section class=\"wp-block-agctexdomain-columnas-agcblocks alignwide columnas col-2 col-2-a paddingTopBottom0 backgroundNoRepeat backgroundContain alturaDefault\"><div class=\"container\">\n<div class=\"wp-block-agctexdomain-columna-agcblocks Columna ag-animation css-fadeInLeft  JustifyflexCenter backgroundNoRepeat backgroundContain\" data-ag-animation=\"fadeInLeft\" style=\"background-color:#63c013\"><div class=\"ColumnaContent paddingTopBottom0 paddingLeftRight20\">\n<p class=\"has-text-align-center line-height-normal has-large-font-size\"><strong>\u00a1Te ayudamos a Globalizar tu negocio!<\/strong><\/p>\n<\/div> <\/div>\n\n\n\n<div class=\"wp-block-agctexdomain-columna-agcblocks Columna ag-animation css-fadeInRight  JustifyflexStart backgroundNoRepeat backgroundCover\" data-ag-animation=\"fadeInRight\" style=\"background-image:url(https:\/\/bluefoxcargo.com\/wp-content\/uploads\/2021\/02\/empresa_de_logistica_monterrey.jpg)\"><div class=\"ColumnaContent paddingTopBottom0 paddingLeftRight0\">\n<div style=\"height:400px\" aria-hidden=\"true\" class=\"wp-block-spacer\"><\/div>\n<\/div> <\/div>\n<\/div> <div class=\"bg-forma bg-forma-display-none\"><\/div><\/section>\n<\/div><\/div> <div class=\"bg-forma\"><\/div><\/section>\n","protected":false},"excerpt":{"rendered":"","protected":false},"author":1,"featured_media":0,"parent":0,"menu_order":31,"comment_status":"closed","ping_status":"closed","template":"","meta":{"_acf_changed":false,"footnotes":""},"class_list":["post-1753","page","type-page","status-publish","hentry"],"acf":[],"_links":{"self":[{"href":"https:\/\/bluefoxcargo.com\/es\/wp-json\/wp\/v2\/pages\/1753","targetHints":{"allow":["GET"]}}],"collection":[{"href":"https:\/\/bluefoxcargo.com\/es\/wp-json\/wp\/v2\/pages"}],"about":[{"href":"https:\/\/bluefoxcargo.com\/es\/wp-json\/wp\/v2\/types\/page"}],"author":[{"embeddable":true,"href":"https:\/\/bluefoxcargo.com\/es\/wp-json\/wp\/v2\/users\/1"}],"replies":[{"embeddable":true,"href":"https:\/\/bluefoxcargo.com\/es\/wp-json\/wp\/v2\/comments?post=1753"}],"version-history":[{"count":8,"href":"https:\/\/bluefoxcargo.com\/es\/wp-json\/wp\/v2\/pages\/1753\/revisions"}],"predecessor-version":[{"id":2168,"href":"https:\/\/bluefoxcargo.com\/es\/wp-json\/wp\/v2\/pages\/1753\/revisions\/2168"}],"wp:attachment":[{"href":"https:\/\/bluefoxcargo.com\/es\/wp-json\/wp\/v2\/media?parent=1753"}],"curies":[{"name":"wp","href":"https:\/\/api.w.org\/{rel}","templated":true}]}}