{"id":1747,"date":"2021-02-23T22:57:15","date_gmt":"2021-02-23T22:57:15","guid":{"rendered":"https:\/\/bluefoxcargo.com\/road-freight\/"},"modified":"2021-03-24T17:47:48","modified_gmt":"2021-03-24T23:47:48","slug":"transporte-terrestre","status":"publish","type":"page","link":"https:\/\/bluefoxcargo.com\/es\/transporte-terrestre\/","title":{"rendered":"Transporte Terrestre"},"content":{"rendered":"\n<section style=\"background-image:url(https:\/\/bluefoxcargo.com\/wp-content\/uploads\/2021\/02\/road-freight-bluefoxcargo-2.jpg)\" class=\"wp-block-agctexdomain-wrapper-agcblocks alignwide paddingTopBottom0 backgroundNoRepeat backgroundCover alturaFull\"><div class=\"container\"><div class=\"wrapper-inner-blocks\">\n<section class=\"wp-block-agctexdomain-columnas-agcblocks alignwide columnas col-1 col-1-a paddingTopBottom0 backgroundNoRepeat backgroundContain alturaDefault\"><div class=\"container\">\n<div class=\"wp-block-agctexdomain-columna-agcblocks Columna ag-animation css-animacionNone  JustifyflexCenter backgroundNoRepeat backgroundContain\" data-ag-animation=\"animacionNone\"><div class=\"ColumnaContent paddingTopBottom0 paddingLeftRight20\">\n<h1 class=\"has-text-align-center is-style-headingStyleBorderCenter BigText has-text-color wp-block-heading\" style=\"color:#ffffff\">Transporte Terrestre<\/h1>\n\n\n\n<p class=\"has-text-align-center line-height-normal has-text-color\" style=\"color:#ffffff;font-size:28px\">Local, de larga distancia, nacional o internacional&nbsp;<\/p>\n\n\n\n<div class=\"wp-block-buttons alignfull is-content-justification-center is-layout-flex wp-block-buttons-is-layout-flex\">\n<div class=\"wp-block-button is-style-btnB link-goscroll\"><a class=\"wp-block-button__link\" href=\"#contacto\">Contact us<\/a><\/div>\n<\/div>\n<\/div> <\/div>\n<\/div> <div class=\"bg-forma bg-forma-display-none\"><\/div><\/section>\n<\/div><\/div><div class=\"overlay\" style=\"opacity:0.88;background-color:#032343\"><\/div><div class=\"bg-forma\"><\/div><\/section>\n\n\n\n<section class=\"wp-block-agctexdomain-wrapper-agcblocks alignwide paddingTopBottom140 backgroundNoRepeat backgroundContain alturaDefault\"><div class=\"container\"><div class=\"wrapper-inner-blocks\">\n<section class=\"wp-block-agctexdomain-columnas-agcblocks alignwide columnas col-2 col-2-a paddingTopBottom0 backgroundNoRepeat backgroundContain alturaDefault\"><div class=\"container\">\n<div class=\"wp-block-agctexdomain-columna-agcblocks Columna ag-animation css-animacionNone  JustifyflexCenter backgroundNoRepeat backgroundContain PageInteriorDescripcion\" data-ag-animation=\"animacionNone\"><div class=\"ColumnaContent paddingTopBottom0 paddingLeftRight20\">\n<div class=\"animateme ag-animation css-fadeInUp\" data-ag-animation=\"fadeInUp\">\n<p>Nuestra amplia red de transporte terrestre nos permite ofrecer servicios de calidad a precios competitivos, tambi\u00e9n, a trav\u00e9s de nuestro sistema de trackeo, y el seguimiento en l\u00ednea puede resolver r\u00e1pidamente cualquier env\u00edo de carga entre Canad\u00e1, Estados Unidos y M\u00e9xico.<\/p>\n\n\n\n<p>Contamos con una amplia gama de servicios terrestres, que son gestionados por nuestro equipo de especialistas dedicados a satisfacer las necesidades de nuestros clientes con un alto rendimiento.<\/p>\n<\/div>\n<\/div> <\/div>\n\n\n\n<div class=\"wp-block-agctexdomain-columna-agcblocks Columna ag-animation css-animacionNone  JustifyflexCenter backgroundNoRepeat backgroundContain\" data-ag-animation=\"animacionNone\"><div class=\"ColumnaContent paddingTopBottom0 paddingLeftRight60\">\n<div class=\"animateme ag-animation css-fadeInDown\" data-ag-animation=\"fadeInDown\">\n<ul class=\"DotsBullets wp-block-list\"><li>Consolidados \u2013 LTL<\/li><li>FTL Dry Freight<\/li><li>FTL Refrigerados<\/li><li>Plataformas<\/li><li>Carga peligrosa<\/li><li>Hot shot<\/li><li>Carga especializada y proyectos<\/li><\/ul>\n<\/div>\n<\/div> <\/div>\n<\/div> <div class=\"bg-forma bg-forma-display-none\"><\/div><\/section>\n<\/div><\/div> <div class=\"bg-forma\"><\/div><\/section>\n\n\n\n<section class=\"wp-block-agctexdomain-wrapper-agcblocks alignfull paddingTopBottom0 backgroundNoRepeat backgroundContain alturaDefault\"><div class=\"container\"><div class=\"wrapper-inner-blocks\">\n<section class=\"wp-block-agctexdomain-columnas-agcblocks alignwide columnas col-2 col-2-a paddingTopBottom0 backgroundNoRepeat backgroundContain alturaDefault\" id=\"contacto\"><div class=\"container\">\n<div class=\"wp-block-agctexdomain-columna-agcblocks Columna ag-animation css-fadeInLeft  JustifyflexStart backgroundNoRepeat backgroundCover\" data-ag-animation=\"fadeInLeft\" style=\"background-image:url(https:\/\/bluefoxcargo.com\/wp-content\/uploads\/2021\/02\/road-freight-bluefoxcargo-2.jpg)\"><div class=\"ColumnaContent paddingTopBottom0 paddingLeftRight0\">\n<div style=\"height:400px\" aria-hidden=\"true\" class=\"wp-block-spacer\"><\/div>\n<\/div> <\/div>\n\n\n\n<div class=\"wp-block-agctexdomain-columna-agcblocks Columna ag-animation css-fadeInRight  JustifyflexStart backgroundNoRepeat backgroundContain\" data-ag-animation=\"fadeInRight\" style=\"background-color:#032343\"><div class=\"ColumnaContent paddingTopBottom0 paddingLeftRight80\">\n<div style=\"height:80px\" aria-hidden=\"true\" class=\"wp-block-spacer\"><\/div>\n\n\n\n<h3 class=\"has-text-color wp-block-heading\" style=\"color:#ffffff\">Contacto<\/h3>\n\n\n\n<div class=\"wpcf7 no-js\" id=\"wpcf7-f1810-o1\" lang=\"en-US\" dir=\"ltr\" data-wpcf7-id=\"1810\">\n<div class=\"screen-reader-response\"><p role=\"status\" aria-live=\"polite\" aria-atomic=\"true\"><\/p> <ul><\/ul><\/div>\n<form action=\"\/es\/wp-json\/wp\/v2\/pages\/1747#wpcf7-f1810-o1\" method=\"post\" class=\"wpcf7-form init\" aria-label=\"Contact form\" novalidate=\"novalidate\" data-status=\"init\">\n<fieldset class=\"hidden-fields-container\"><input type=\"hidden\" name=\"_wpcf7\" value=\"1810\" \/><input type=\"hidden\" name=\"_wpcf7_version\" value=\"6.1.5\" \/><input type=\"hidden\" name=\"_wpcf7_locale\" value=\"en_US\" \/><input type=\"hidden\" name=\"_wpcf7_unit_tag\" value=\"wpcf7-f1810-o1\" \/><input type=\"hidden\" name=\"_wpcf7_container_post\" value=\"0\" \/><input type=\"hidden\" name=\"_wpcf7_posted_data_hash\" value=\"\" \/>\n<\/fieldset>\n<div class=\"content-formulario-principal formulario-principal-blue  materializeForm\">\n\t<div class=\"wrap-form wrap-form-2\">\n\t\t<div class=\"input-wrap-form input-wrap-materializeForm\">\n\t\t\t<p><label>Nombre <span class=\"requerido\">*<\/span><\/label><span class=\"wpcf7-form-control-wrap\" data-name=\"your-name\"><input size=\"40\" maxlength=\"400\" class=\"wpcf7-form-control wpcf7-text wpcf7-validates-as-required\" aria-required=\"true\" aria-invalid=\"false\" value=\"\" type=\"text\" name=\"your-name\" \/><\/span>\n\t\t\t<\/p>\n\t\t<\/div>\n\t\t<div class=\"input-wrap-form input-wrap-materializeForm\">\n\t\t\t<p><label>Apellido <span class=\"requerido\">*<\/span><\/label><span class=\"wpcf7-form-control-wrap\" data-name=\"your-surname\"><input size=\"40\" maxlength=\"400\" class=\"wpcf7-form-control wpcf7-text wpcf7-validates-as-required\" aria-required=\"true\" aria-invalid=\"false\" value=\"\" type=\"text\" name=\"your-surname\" \/><\/span>\n\t\t\t<\/p>\n\t\t<\/div>\n\t<\/div>\n\t<div class=\"wrap-form wrap-form-2\">\n\t\t<div class=\"input-wrap-form input-wrap-materializeForm\">\n\t\t\t<p><label> Email <span class=\"requerido\">*<\/span><\/label><span class=\"wpcf7-form-control-wrap\" data-name=\"your-email\"><input size=\"40\" maxlength=\"400\" class=\"wpcf7-form-control wpcf7-email wpcf7-validates-as-required wpcf7-text wpcf7-validates-as-email\" aria-required=\"true\" aria-invalid=\"false\" value=\"\" type=\"email\" name=\"your-email\" \/><\/span>\n\t\t\t<\/p>\n\t\t<\/div>\n\t\t<div class=\"input-wrap-form input-wrap-materializeForm\">\n\t\t\t<p><label> Tel\u00e9fono <span class=\"requerido\">*<\/span><\/label><span class=\"wpcf7-form-control-wrap\" data-name=\"tel-635\"><input size=\"40\" maxlength=\"400\" class=\"wpcf7-form-control wpcf7-tel wpcf7-validates-as-required wpcf7-text wpcf7-validates-as-tel\" aria-required=\"true\" aria-invalid=\"false\" value=\"\" type=\"tel\" name=\"tel-635\" \/><\/span>\n\t\t\t<\/p>\n\t\t<\/div>\n\t<\/div>\n\t<div class=\"wrap-form wrap-form-1\">\n\t\t<div class=\"input-wrap-form input-wrap-materializeForm\">\n\t\t\t<p><label> Dudas o Comentarios <span class=\"requerido\">*<\/span><\/label><span class=\"wpcf7-form-control-wrap\" data-name=\"your-message\"><textarea cols=\"40\" rows=\"10\" maxlength=\"2000\" class=\"wpcf7-form-control wpcf7-textarea wpcf7-validates-as-required\" aria-required=\"true\" aria-invalid=\"false\" name=\"your-message\"><\/textarea><\/span>\n\t\t\t<\/p>\n\t\t<\/div>\n\t<\/div>\n\t<div class=\"wrap-form wrap-form-1\">\n\t\t<div class=\"input-wrap-form\">\n\t\t\t<div class=\"wrap-quiz-captcha\">\n\t\t\t\t<p><label>Resuelve el captcha <span class=\"requerido\">*<\/span><\/label><span class=\"wpcf7-form-control-wrap\" data-name=\"quiz-963\"><label><span class=\"wpcf7-quiz-label\">\u00bfCu\u00e1nto es 8 - 1? =<\/span> <input size=\"40\" class=\"wpcf7-form-control wpcf7-quiz\" autocomplete=\"off\" aria-required=\"true\" aria-invalid=\"false\" type=\"text\" name=\"quiz-963\" \/><\/label><input type=\"hidden\" name=\"_wpcf7_quiz_answer_quiz-963\" value=\"555433994c1dcb96b2e04961df54ec79\" \/><\/span>\n\t\t\t\t<\/p>\n\t\t\t\t<p><span id=\"wpcf7-69ea533850972-wrapper\" class=\"wpcf7-form-control-wrap email-wrap\" style=\"display:none !important; visibility:hidden !important;\"><label for=\"wpcf7-69ea533850972-field\" class=\"hp-message\">Please leave this field empty.<\/label><input id=\"wpcf7-69ea533850972-field\"  class=\"wpcf7-form-control wpcf7-text\" type=\"text\" name=\"email\" value=\"\" size=\"40\" tabindex=\"-1\" autocomplete=\"new-password\" \/><\/span>\n\t\t\t\t<\/p>\n\t\t\t<\/div>\n\t\t<\/div>\n\t<\/div>\n\t<div class=\"wrap-form wrap-form-1\">\n\t\t<div class=\"input-wrap-form input-wrap-materializeForm\">\n\t\t\t<p><input class=\"wpcf7-form-control wpcf7-submit has-spinner\" type=\"submit\" value=\"Enviar Mensaje\" \/>\n\t\t\t<\/p>\n\t\t<\/div>\n\t<\/div>\n<\/div><div class=\"wpcf7-response-output\" aria-hidden=\"true\"><\/div>\n<\/form>\n<\/div>\n\n\n\n\n<div style=\"height:80px\" aria-hidden=\"true\" class=\"wp-block-spacer\"><\/div>\n<\/div> <\/div>\n<\/div> <div class=\"bg-forma bg-forma-display-none\"><\/div><\/section>\n<\/div><\/div> <div class=\"bg-forma\"><\/div><\/section>\n","protected":false},"excerpt":{"rendered":"","protected":false},"author":1,"featured_media":0,"parent":0,"menu_order":24,"comment_status":"closed","ping_status":"closed","template":"","meta":{"_acf_changed":false,"footnotes":""},"class_list":["post-1747","page","type-page","status-publish","hentry"],"acf":[],"_links":{"self":[{"href":"https:\/\/bluefoxcargo.com\/es\/wp-json\/wp\/v2\/pages\/1747","targetHints":{"allow":["GET"]}}],"collection":[{"href":"https:\/\/bluefoxcargo.com\/es\/wp-json\/wp\/v2\/pages"}],"about":[{"href":"https:\/\/bluefoxcargo.com\/es\/wp-json\/wp\/v2\/types\/page"}],"author":[{"embeddable":true,"href":"https:\/\/bluefoxcargo.com\/es\/wp-json\/wp\/v2\/users\/1"}],"replies":[{"embeddable":true,"href":"https:\/\/bluefoxcargo.com\/es\/wp-json\/wp\/v2\/comments?post=1747"}],"version-history":[{"count":4,"href":"https:\/\/bluefoxcargo.com\/es\/wp-json\/wp\/v2\/pages\/1747\/revisions"}],"predecessor-version":[{"id":1913,"href":"https:\/\/bluefoxcargo.com\/es\/wp-json\/wp\/v2\/pages\/1747\/revisions\/1913"}],"wp:attachment":[{"href":"https:\/\/bluefoxcargo.com\/es\/wp-json\/wp\/v2\/media?parent=1747"}],"curies":[{"name":"wp","href":"https:\/\/api.w.org\/{rel}","templated":true}]}}