{"id":1729,"date":"2021-02-26T23:01:35","date_gmt":"2021-02-26T23:01:35","guid":{"rendered":"https:\/\/bluefoxcargo.com\/project-cargo\/"},"modified":"2021-03-25T11:17:17","modified_gmt":"2021-03-25T17:17:17","slug":"project-cargo","status":"publish","type":"page","link":"https:\/\/bluefoxcargo.com\/es\/project-cargo\/","title":{"rendered":"Project Cargo"},"content":{"rendered":"\n<section style=\"background-image:url(https:\/\/bluefoxcargo.com\/wp-content\/uploads\/2021\/03\/project_cargo_bluefox.jpg)\" class=\"wp-block-agctexdomain-wrapper-agcblocks alignwide paddingTopBottom0 backgroundNoRepeat backgroundCover alturaFull\"><div class=\"container\"><div class=\"wrapper-inner-blocks\">\n<section class=\"wp-block-agctexdomain-columnas-agcblocks alignwide columnas col-1 col-1-a paddingTopBottom0 backgroundNoRepeat backgroundContain alturaDefault\"><div class=\"container\">\n<div class=\"wp-block-agctexdomain-columna-agcblocks Columna ag-animation css-animacionNone  JustifyflexCenter backgroundNoRepeat backgroundContain\" data-ag-animation=\"animacionNone\"><div class=\"ColumnaContent paddingTopBottom0 paddingLeftRight20\">\n<h1 class=\"has-text-align-center is-style-headingStyleBorderCenter BigText has-text-color wp-block-heading\" style=\"color:#ffffff\">Project Cargo<\/h1>\n\n\n\n<p class=\"has-text-align-center line-height-normal has-text-color\" style=\"color:#ffffff;font-size:28px\">Soluciones personalizadas para el transporte seguro y confiable de su carga log\u00edsticamente sobredimensionada<\/p>\n\n\n\n<div class=\"wp-block-buttons alignfull is-content-justification-center is-layout-flex wp-block-buttons-is-layout-flex\">\n<div class=\"wp-block-button is-style-btnB link-goscroll\"><a class=\"wp-block-button__link\" href=\"#contacto\">Cont\u00e1ctanos<\/a><\/div>\n<\/div>\n<\/div> <\/div>\n<\/div> <div class=\"bg-forma bg-forma-display-none\"><\/div><\/section>\n<\/div><\/div><div class=\"overlay\" style=\"opacity:0.88;background-color:#032343\"><\/div><div class=\"bg-forma\"><\/div><\/section>\n\n\n\n<section class=\"wp-block-agctexdomain-wrapper-agcblocks alignwide paddingTopBottom140 backgroundNoRepeat backgroundContain alturaDefault\"><div class=\"container\"><div class=\"wrapper-inner-blocks\">\n<section class=\"wp-block-agctexdomain-columnas-agcblocks alignwide columnas col-2 col-2-a paddingTopBottom0 backgroundNoRepeat backgroundContain alturaDefault\"><div class=\"container\">\n<div class=\"wp-block-agctexdomain-columna-agcblocks Columna ag-animation css-animacionNone  JustifyflexCenter backgroundNoRepeat backgroundContain PageInteriorDescripcion\" data-ag-animation=\"animacionNone\"><div class=\"ColumnaContent paddingTopBottom0 paddingLeftRight20\">\n<div class=\"animateme ag-animation css-fadeInUp\" data-ag-animation=\"fadeInUp\">\n<p><strong>EN BLUEFOXCARGO, NUESTRO \u201cPROYECTO EQUIPO DE CARGA\u201d ANALIZA:<\/strong><\/p>\n\n\n\n<p>La complejidad de la carga<br>Peso m\u00e1ximo y dimensiones de piezas<br>Obligaciones de entrega del cliente<br>Instalaciones \/ rutas de origen<br>Puntos de consolidaci\u00f3n<br>Las regulaciones de importaci\u00f3n \/ exportaci\u00f3n<br>Requisitos de instalaci\u00f3n y entrega in situ<\/p>\n\n\n\n<p>Tras analizar y planificar los aspectos anteriores, ejecutamos la mudanza con el menor costo neto sostenible y la responsabilidad a la vanguardia de nuestro enfoque.<\/p>\n<\/div>\n<\/div> <\/div>\n\n\n\n<div class=\"wp-block-agctexdomain-columna-agcblocks Columna ag-animation css-animacionNone  JustifyflexCenter backgroundNoRepeat backgroundContain\" data-ag-animation=\"animacionNone\"><div class=\"ColumnaContent paddingTopBottom0 paddingLeftRight60\">\n<div class=\"animateme ag-animation css-fadeInDown\" data-ag-animation=\"fadeInDown\">\n<p><strong>SERVICIOS DE CARGA DE PROYECTOS:<\/strong><\/p>\n\n\n\n<ul class=\"DotsBullets wp-block-list\"><li><span style=\"font-family: -apple-system, BlinkMacSystemFont, &quot;Segoe UI&quot;, Roboto, Oxygen-Sans, Ubuntu, Cantarell, &quot;Helvetica Neue&quot;, sans-serif;\">Asesor\u00eda sobre las formas de minimizar los costes de transporte.<\/span><\/li><li>Coordinar y supervisar el transporte a\u00e9reo, terrestre y mar\u00edtimo.<\/li><li>Almacenamiento, montaje y modificaci\u00f3n de su carga interior y exterior.<\/li><li>Optimizando el transporte seguro de su carga.<\/li><li>Organizar el despacho de aduanas y garantizar que se cumplan las normas legales y de seguridad.<\/li><\/ul>\n\n\n\n<p>La planificaci\u00f3n y ejecuci\u00f3n de los movimientos de carga del proyecto requiere un pensamiento m\u00e1s ingenioso que cualquier otro sector de la log\u00edstica, y como el <strong>equipo de Bluefox Cargo<\/strong>, estamos listos para ayudar.<\/p>\n<\/div>\n<\/div> <\/div>\n<\/div> <div class=\"bg-forma bg-forma-display-none\"><\/div><\/section>\n<\/div><\/div> <div class=\"bg-forma\"><\/div><\/section>\n\n\n\n<section class=\"wp-block-agctexdomain-wrapper-agcblocks alignfull paddingTopBottom0 backgroundNoRepeat backgroundContain alturaDefault\"><div class=\"container\"><div class=\"wrapper-inner-blocks\">\n<section class=\"wp-block-agctexdomain-columnas-agcblocks alignwide columnas col-2 col-2-a paddingTopBottom0 backgroundNoRepeat backgroundContain alturaDefault\" id=\"contacto\"><div class=\"container\">\n<div class=\"wp-block-agctexdomain-columna-agcblocks Columna ag-animation css-fadeInLeft  JustifyflexStart backgroundNoRepeat backgroundCover\" data-ag-animation=\"fadeInLeft\" style=\"background-image:url(https:\/\/bluefoxcargo.com\/wp-content\/uploads\/2021\/03\/project_cargo_bluefox.jpg)\"><div class=\"ColumnaContent paddingTopBottom0 paddingLeftRight0\">\n<div style=\"height:400px\" aria-hidden=\"true\" class=\"wp-block-spacer\"><\/div>\n<\/div> <\/div>\n\n\n\n<div class=\"wp-block-agctexdomain-columna-agcblocks Columna ag-animation css-fadeInRight  JustifyflexStart backgroundNoRepeat backgroundContain\" data-ag-animation=\"fadeInRight\" style=\"background-color:#032343\"><div class=\"ColumnaContent paddingTopBottom0 paddingLeftRight80\">\n<div style=\"height:80px\" aria-hidden=\"true\" class=\"wp-block-spacer\"><\/div>\n\n\n\n<h3 class=\"has-text-color wp-block-heading\" style=\"color:#ffffff\">Contacto<\/h3>\n\n\n\n<div class=\"wpcf7 no-js\" id=\"wpcf7-f1810-o1\" lang=\"en-US\" dir=\"ltr\" data-wpcf7-id=\"1810\">\n<div class=\"screen-reader-response\"><p role=\"status\" aria-live=\"polite\" aria-atomic=\"true\"><\/p> <ul><\/ul><\/div>\n<form action=\"\/es\/wp-json\/wp\/v2\/pages\/1729#wpcf7-f1810-o1\" method=\"post\" class=\"wpcf7-form init\" aria-label=\"Contact form\" novalidate=\"novalidate\" data-status=\"init\">\n<fieldset class=\"hidden-fields-container\"><input type=\"hidden\" name=\"_wpcf7\" value=\"1810\" \/><input type=\"hidden\" name=\"_wpcf7_version\" value=\"6.1.5\" \/><input type=\"hidden\" name=\"_wpcf7_locale\" value=\"en_US\" \/><input type=\"hidden\" name=\"_wpcf7_unit_tag\" value=\"wpcf7-f1810-o1\" \/><input type=\"hidden\" name=\"_wpcf7_container_post\" value=\"0\" \/><input type=\"hidden\" name=\"_wpcf7_posted_data_hash\" value=\"\" \/>\n<\/fieldset>\n<div class=\"content-formulario-principal formulario-principal-blue  materializeForm\">\n\t<div class=\"wrap-form wrap-form-2\">\n\t\t<div class=\"input-wrap-form input-wrap-materializeForm\">\n\t\t\t<p><label>Nombre <span class=\"requerido\">*<\/span><\/label><span class=\"wpcf7-form-control-wrap\" data-name=\"your-name\"><input size=\"40\" maxlength=\"400\" class=\"wpcf7-form-control wpcf7-text wpcf7-validates-as-required\" aria-required=\"true\" aria-invalid=\"false\" value=\"\" type=\"text\" name=\"your-name\" \/><\/span>\n\t\t\t<\/p>\n\t\t<\/div>\n\t\t<div class=\"input-wrap-form input-wrap-materializeForm\">\n\t\t\t<p><label>Apellido <span class=\"requerido\">*<\/span><\/label><span class=\"wpcf7-form-control-wrap\" data-name=\"your-surname\"><input size=\"40\" maxlength=\"400\" class=\"wpcf7-form-control wpcf7-text wpcf7-validates-as-required\" aria-required=\"true\" aria-invalid=\"false\" value=\"\" type=\"text\" name=\"your-surname\" \/><\/span>\n\t\t\t<\/p>\n\t\t<\/div>\n\t<\/div>\n\t<div class=\"wrap-form wrap-form-2\">\n\t\t<div class=\"input-wrap-form input-wrap-materializeForm\">\n\t\t\t<p><label> Email <span class=\"requerido\">*<\/span><\/label><span class=\"wpcf7-form-control-wrap\" data-name=\"your-email\"><input size=\"40\" maxlength=\"400\" class=\"wpcf7-form-control wpcf7-email wpcf7-validates-as-required wpcf7-text wpcf7-validates-as-email\" aria-required=\"true\" aria-invalid=\"false\" value=\"\" type=\"email\" name=\"your-email\" \/><\/span>\n\t\t\t<\/p>\n\t\t<\/div>\n\t\t<div class=\"input-wrap-form input-wrap-materializeForm\">\n\t\t\t<p><label> Tel\u00e9fono <span class=\"requerido\">*<\/span><\/label><span class=\"wpcf7-form-control-wrap\" data-name=\"tel-635\"><input size=\"40\" maxlength=\"400\" class=\"wpcf7-form-control wpcf7-tel wpcf7-validates-as-required wpcf7-text wpcf7-validates-as-tel\" aria-required=\"true\" aria-invalid=\"false\" value=\"\" type=\"tel\" name=\"tel-635\" \/><\/span>\n\t\t\t<\/p>\n\t\t<\/div>\n\t<\/div>\n\t<div class=\"wrap-form wrap-form-1\">\n\t\t<div class=\"input-wrap-form input-wrap-materializeForm\">\n\t\t\t<p><label> Dudas o Comentarios <span class=\"requerido\">*<\/span><\/label><span class=\"wpcf7-form-control-wrap\" data-name=\"your-message\"><textarea cols=\"40\" rows=\"10\" maxlength=\"2000\" class=\"wpcf7-form-control wpcf7-textarea wpcf7-validates-as-required\" aria-required=\"true\" aria-invalid=\"false\" name=\"your-message\"><\/textarea><\/span>\n\t\t\t<\/p>\n\t\t<\/div>\n\t<\/div>\n\t<div class=\"wrap-form wrap-form-1\">\n\t\t<div class=\"input-wrap-form\">\n\t\t\t<div class=\"wrap-quiz-captcha\">\n\t\t\t\t<p><label>Resuelve el captcha <span class=\"requerido\">*<\/span><\/label><span class=\"wpcf7-form-control-wrap\" data-name=\"quiz-963\"><label><span class=\"wpcf7-quiz-label\">\u00bfCu\u00e1nto es 7 + 4? =<\/span> <input size=\"40\" class=\"wpcf7-form-control wpcf7-quiz\" autocomplete=\"off\" aria-required=\"true\" aria-invalid=\"false\" type=\"text\" name=\"quiz-963\" \/><\/label><input type=\"hidden\" name=\"_wpcf7_quiz_answer_quiz-963\" value=\"c840c5c22a8fba7b612613905a0da084\" \/><\/span>\n\t\t\t\t<\/p>\n\t\t\t\t<p><span id=\"wpcf7-69ea69a7167c3-wrapper\" class=\"wpcf7-form-control-wrap email-wrap\" style=\"display:none !important; visibility:hidden !important;\"><label for=\"wpcf7-69ea69a7167c3-field\" class=\"hp-message\">Please leave this field empty.<\/label><input id=\"wpcf7-69ea69a7167c3-field\"  class=\"wpcf7-form-control wpcf7-text\" type=\"text\" name=\"email\" value=\"\" size=\"40\" tabindex=\"-1\" autocomplete=\"new-password\" \/><\/span>\n\t\t\t\t<\/p>\n\t\t\t<\/div>\n\t\t<\/div>\n\t<\/div>\n\t<div class=\"wrap-form wrap-form-1\">\n\t\t<div class=\"input-wrap-form input-wrap-materializeForm\">\n\t\t\t<p><input class=\"wpcf7-form-control wpcf7-submit has-spinner\" type=\"submit\" value=\"Enviar Mensaje\" \/>\n\t\t\t<\/p>\n\t\t<\/div>\n\t<\/div>\n<\/div><div class=\"wpcf7-response-output\" aria-hidden=\"true\"><\/div>\n<\/form>\n<\/div>\n\n\n\n\n<div style=\"height:80px\" aria-hidden=\"true\" class=\"wp-block-spacer\"><\/div>\n<\/div> <\/div>\n<\/div> <div class=\"bg-forma bg-forma-display-none\"><\/div><\/section>\n<\/div><\/div> <div class=\"bg-forma\"><\/div><\/section>\n","protected":false},"excerpt":{"rendered":"","protected":false},"author":1,"featured_media":0,"parent":0,"menu_order":20,"comment_status":"closed","ping_status":"closed","template":"","meta":{"_acf_changed":false,"footnotes":""},"class_list":["post-1729","page","type-page","status-publish","hentry"],"acf":[],"_links":{"self":[{"href":"https:\/\/bluefoxcargo.com\/es\/wp-json\/wp\/v2\/pages\/1729","targetHints":{"allow":["GET"]}}],"collection":[{"href":"https:\/\/bluefoxcargo.com\/es\/wp-json\/wp\/v2\/pages"}],"about":[{"href":"https:\/\/bluefoxcargo.com\/es\/wp-json\/wp\/v2\/types\/page"}],"author":[{"embeddable":true,"href":"https:\/\/bluefoxcargo.com\/es\/wp-json\/wp\/v2\/users\/1"}],"replies":[{"embeddable":true,"href":"https:\/\/bluefoxcargo.com\/es\/wp-json\/wp\/v2\/comments?post=1729"}],"version-history":[{"count":7,"href":"https:\/\/bluefoxcargo.com\/es\/wp-json\/wp\/v2\/pages\/1729\/revisions"}],"predecessor-version":[{"id":1923,"href":"https:\/\/bluefoxcargo.com\/es\/wp-json\/wp\/v2\/pages\/1729\/revisions\/1923"}],"wp:attachment":[{"href":"https:\/\/bluefoxcargo.com\/es\/wp-json\/wp\/v2\/media?parent=1729"}],"curies":[{"name":"wp","href":"https:\/\/api.w.org\/{rel}","templated":true}]}}