{"id":1727,"date":"2021-02-26T23:18:08","date_gmt":"2021-02-26T23:18:08","guid":{"rendered":"https:\/\/bluefoxcargo.com\/industries\/"},"modified":"2021-03-24T18:32:40","modified_gmt":"2021-03-25T00:32:40","slug":"industrias","status":"publish","type":"page","link":"https:\/\/bluefoxcargo.com\/es\/industrias\/","title":{"rendered":"Industrias"},"content":{"rendered":"\n<section style=\"background-image:url(https:\/\/bluefoxcargo.com\/wp-content\/uploads\/2021\/02\/Logistica_y_transporte_monterrey.jpg)\" class=\"wp-block-agctexdomain-wrapper-agcblocks alignwide paddingTopBottom0 backgroundNoRepeat backgroundCover alturaFull\"><div class=\"container\"><div class=\"wrapper-inner-blocks\">\n<section class=\"wp-block-agctexdomain-columnas-agcblocks alignwide columnas col-1 col-1-a paddingTopBottom0 backgroundNoRepeat backgroundContain alturaDefault\"><div class=\"container\">\n<div class=\"wp-block-agctexdomain-columna-agcblocks Columna ag-animation css-animacionNone  JustifyflexCenter backgroundNoRepeat backgroundContain\" data-ag-animation=\"animacionNone\"><div class=\"ColumnaContent paddingTopBottom0 paddingLeftRight20\">\n<h1 class=\"has-text-align-center is-style-headingStyleBorderCenter BigText has-text-color wp-block-heading\" style=\"color:#ffffff\">Industrias<\/h1>\n\n\n\n<p class=\"has-text-align-center line-height-normal has-text-color\" style=\"color:#ffffff;font-size:28px\">Experiencia en diferentes negocios.<\/p>\n\n\n\n<div class=\"wp-block-buttons alignfull is-content-justification-center is-layout-flex wp-block-buttons-is-layout-flex\">\n<div class=\"wp-block-button is-style-btnB link-goscroll\"><a class=\"wp-block-button__link\" href=\"#contacto\">Cont\u00e1ctanos<\/a><\/div>\n<\/div>\n<\/div> <\/div>\n<\/div> <div class=\"bg-forma bg-forma-display-none\"><\/div><\/section>\n<\/div><\/div><div class=\"overlay\" style=\"opacity:0.88;background-color:#032343\"><\/div><div class=\"bg-forma\"><\/div><\/section>\n\n\n\n<section class=\"wp-block-agctexdomain-wrapper-agcblocks alignwide paddingTopBottom0 backgroundNoRepeat backgroundContain alturaDefault\"><div class=\"container\"><div class=\"wrapper-inner-blocks\">\n<section class=\"wp-block-agctexdomain-columnas-agcblocks alignwide columnas col-1 col-1-a paddingTopBottom0 backgroundNoRepeat backgroundContain alturaDefault\"><div class=\"container\">\n<div class=\"wp-block-agctexdomain-columna-agcblocks Columna ag-animation css-animacionNone  JustifyflexStart backgroundNoRepeat backgroundContain PageInteriorDescripcion\" data-ag-animation=\"animacionNone\"><div class=\"ColumnaContent paddingTopBottom0 paddingLeftRight20\">\n<div style=\"height:60px\" aria-hidden=\"true\" class=\"wp-block-spacer\"><\/div>\n\n\n\n<div class=\"animateme ag-animation css-fadeInUp\" data-ag-animation=\"fadeInUp\">\n<p class=\"has-text-align-center\">Contamos con m\u00e1s de 20 a\u00f1os de experiencia en donde hemos trabajado de la mano de grandes compa\u00f1ias globales en diversos temas de la industria y comerciales.<\/p>\n\n\n\n<div style=\"height:20px\" aria-hidden=\"true\" class=\"wp-block-spacer\"><\/div>\n\n\n\n<p class=\"has-text-align-center\">Atendemos a todas las industrias.<\/p>\n<\/div>\n\n\n\n<div style=\"height:20px\" aria-hidden=\"true\" class=\"wp-block-spacer\"><\/div>\n<\/div> <\/div>\n<\/div> <div class=\"bg-forma bg-forma-display-none\"><\/div><\/section>\n<\/div><\/div> <div class=\"bg-forma\"><\/div><\/section>\n\n\n\n<section class=\"wp-block-agctexdomain-wrapper-agcblocks alignfull paddingTopBottom50 backgroundNoRepeat backgroundContain alturaDefault\"><div class=\"container\"><div class=\"wrapper-inner-blocks\">\n<section class=\"wp-block-agctexdomain-columnas-agcblocks alignwide columnas col-4 col-4-a paddingTopBottom0 backgroundNoRepeat backgroundContain alturaDefault\"><div class=\"container\">\n<div class=\"wp-block-agctexdomain-columna-agcblocks Columna ag-animation css-fadeInUp  JustifyflexStart backgroundNoRepeat backgroundContain PageInteriorDescripcion\" data-ag-animation=\"fadeInUp\" data-ag-animation-delay=\"300ms\"><div class=\"ColumnaContent paddingTopBottom0 paddingLeftRight20\">\n<figure class=\"wp-block-image size-full coverImage\"><img loading=\"lazy\" decoding=\"async\" width=\"500\" height=\"300\" src=\"https:\/\/bluefoxcargo.com\/wp-content\/uploads\/2021\/03\/aerospace.jpg\" alt=\"Aerospace\" class=\"wp-image-1697\" title=\"Aerospace\" srcset=\"https:\/\/bluefoxcargo.com\/wp-content\/uploads\/2021\/03\/aerospace.jpg 500w, https:\/\/bluefoxcargo.com\/wp-content\/uploads\/2021\/03\/aerospace-220x132.jpg 220w, https:\/\/bluefoxcargo.com\/wp-content\/uploads\/2021\/03\/aerospace-480x288.jpg 480w\" sizes=\"auto, (max-width: 500px) 100vw, 500px\" \/><figcaption>Aeroespacial<\/figcaption><\/figure>\n<\/div> <\/div>\n\n\n\n<div class=\"wp-block-agctexdomain-columna-agcblocks Columna ag-animation css-fadeInUp  JustifyflexStart backgroundNoRepeat backgroundContain\" data-ag-animation=\"fadeInUp\" data-ag-animation-delay=\"350ms\"><div class=\"ColumnaContent paddingTopBottom0 paddingLeftRight20\">\n<figure class=\"wp-block-image size-full coverImage\"><img loading=\"lazy\" decoding=\"async\" width=\"500\" height=\"300\" src=\"https:\/\/bluefoxcargo.com\/wp-content\/uploads\/2021\/03\/automotive.jpg\" alt=\"Automotive\" class=\"wp-image-1696\" title=\"Automotive\" srcset=\"https:\/\/bluefoxcargo.com\/wp-content\/uploads\/2021\/03\/automotive.jpg 500w, https:\/\/bluefoxcargo.com\/wp-content\/uploads\/2021\/03\/automotive-220x132.jpg 220w, https:\/\/bluefoxcargo.com\/wp-content\/uploads\/2021\/03\/automotive-480x288.jpg 480w\" sizes=\"auto, (max-width: 500px) 100vw, 500px\" \/><figcaption>Automotriz<\/figcaption><\/figure>\n<\/div> <\/div>\n\n\n\n<div class=\"wp-block-agctexdomain-columna-agcblocks Columna ag-animation css-fadeInUp  JustifyflexStart backgroundNoRepeat backgroundContain\" data-ag-animation=\"fadeInUp\" data-ag-animation-delay=\"380ms\"><div class=\"ColumnaContent paddingTopBottom0 paddingLeftRight20\">\n<figure class=\"wp-block-image size-full coverImage\"><img loading=\"lazy\" decoding=\"async\" width=\"500\" height=\"300\" src=\"https:\/\/bluefoxcargo.com\/wp-content\/uploads\/2021\/03\/communications.jpg\" alt=\"Communications\" class=\"wp-image-1699\" title=\"Communications\" srcset=\"https:\/\/bluefoxcargo.com\/wp-content\/uploads\/2021\/03\/communications.jpg 500w, https:\/\/bluefoxcargo.com\/wp-content\/uploads\/2021\/03\/communications-220x132.jpg 220w, https:\/\/bluefoxcargo.com\/wp-content\/uploads\/2021\/03\/communications-480x288.jpg 480w\" sizes=\"auto, (max-width: 500px) 100vw, 500px\" \/><figcaption>Comunicaciones<\/figcaption><\/figure>\n<\/div> <\/div>\n\n\n\n<div class=\"wp-block-agctexdomain-columna-agcblocks Columna ag-animation css-fadeInUp  JustifyflexStart backgroundNoRepeat backgroundContain\" data-ag-animation=\"fadeInUp\" data-ag-animation-delay=\"420ms\"><div class=\"ColumnaContent paddingTopBottom0 paddingLeftRight20\">\n<figure class=\"wp-block-image size-full coverImage\"><img loading=\"lazy\" decoding=\"async\" width=\"500\" height=\"301\" src=\"https:\/\/bluefoxcargo.com\/wp-content\/uploads\/2021\/03\/Construction.jpg\" alt=\"Construction\" class=\"wp-image-1701\" title=\"Construction\" srcset=\"https:\/\/bluefoxcargo.com\/wp-content\/uploads\/2021\/03\/Construction.jpg 500w, https:\/\/bluefoxcargo.com\/wp-content\/uploads\/2021\/03\/Construction-220x132.jpg 220w, https:\/\/bluefoxcargo.com\/wp-content\/uploads\/2021\/03\/Construction-480x289.jpg 480w\" sizes=\"auto, (max-width: 500px) 100vw, 500px\" \/><figcaption>Construcci\u00f3n<\/figcaption><\/figure>\n<\/div> <\/div>\n<\/div> <div class=\"bg-forma bg-forma-display-none\"><\/div><\/section>\n\n\n\n<div style=\"height:20px\" aria-hidden=\"true\" class=\"wp-block-spacer\"><\/div>\n\n\n\n<section class=\"wp-block-agctexdomain-columnas-agcblocks alignwide columnas col-4 col-4-a paddingTopBottom0 backgroundNoRepeat backgroundContain alturaDefault\"><div class=\"container\">\n<div class=\"wp-block-agctexdomain-columna-agcblocks Columna ag-animation css-fadeInUp  JustifyflexStart backgroundNoRepeat backgroundContain PageInteriorDescripcion\" data-ag-animation=\"fadeInUp\" data-ag-animation-delay=\"300ms\"><div class=\"ColumnaContent paddingTopBottom0 paddingLeftRight20\">\n<figure class=\"wp-block-image size-full coverImage\"><img loading=\"lazy\" decoding=\"async\" width=\"500\" height=\"300\" src=\"https:\/\/bluefoxcargo.com\/wp-content\/uploads\/2021\/03\/fruit.jpg\" alt=\"Foods &amp; Beverages\" class=\"wp-image-1698\" title=\"Foods &amp; Beverages\" srcset=\"https:\/\/bluefoxcargo.com\/wp-content\/uploads\/2021\/03\/fruit.jpg 500w, https:\/\/bluefoxcargo.com\/wp-content\/uploads\/2021\/03\/fruit-220x132.jpg 220w, https:\/\/bluefoxcargo.com\/wp-content\/uploads\/2021\/03\/fruit-480x288.jpg 480w\" sizes=\"auto, (max-width: 500px) 100vw, 500px\" \/><figcaption>Alimentos y Bebidas<\/figcaption><\/figure>\n<\/div> <\/div>\n\n\n\n<div class=\"wp-block-agctexdomain-columna-agcblocks Columna ag-animation css-fadeInUp  JustifyflexStart backgroundNoRepeat backgroundContain\" data-ag-animation=\"fadeInUp\" data-ag-animation-delay=\"350ms\"><div class=\"ColumnaContent paddingTopBottom0 paddingLeftRight20\">\n<figure class=\"wp-block-image size-large coverImage\"><img loading=\"lazy\" decoding=\"async\" width=\"500\" height=\"300\" src=\"https:\/\/bluefoxcargo.com\/wp-content\/uploads\/2021\/03\/tech.jpg\" alt=\" High-Tech\" class=\"wp-image-1703\" title=\" High-Tech\" srcset=\"https:\/\/bluefoxcargo.com\/wp-content\/uploads\/2021\/03\/tech.jpg 500w, https:\/\/bluefoxcargo.com\/wp-content\/uploads\/2021\/03\/tech-220x132.jpg 220w, https:\/\/bluefoxcargo.com\/wp-content\/uploads\/2021\/03\/tech-480x288.jpg 480w\" sizes=\"auto, (max-width: 500px) 100vw, 500px\" \/><figcaption>&nbsp;Alta Tecnolog\u00eda<\/figcaption><\/figure>\n<\/div> <\/div>\n\n\n\n<div class=\"wp-block-agctexdomain-columna-agcblocks Columna ag-animation css-fadeInUp  JustifyflexStart backgroundNoRepeat backgroundContain\" data-ag-animation=\"fadeInUp\" data-ag-animation-delay=\"380ms\"><div class=\"ColumnaContent paddingTopBottom0 paddingLeftRight20\">\n<figure class=\"wp-block-image size-full coverImage\"><img loading=\"lazy\" decoding=\"async\" width=\"500\" height=\"300\" src=\"https:\/\/bluefoxcargo.com\/wp-content\/uploads\/2021\/03\/pharma.jpg\" alt=\"Pharmaceutical\" class=\"wp-image-1702\" title=\"Pharmaceutical\" srcset=\"https:\/\/bluefoxcargo.com\/wp-content\/uploads\/2021\/03\/pharma.jpg 500w, https:\/\/bluefoxcargo.com\/wp-content\/uploads\/2021\/03\/pharma-220x132.jpg 220w, https:\/\/bluefoxcargo.com\/wp-content\/uploads\/2021\/03\/pharma-480x288.jpg 480w\" sizes=\"auto, (max-width: 500px) 100vw, 500px\" \/><figcaption>Farmac\u00e9utica<\/figcaption><\/figure>\n<\/div> <\/div>\n\n\n\n<div class=\"wp-block-agctexdomain-columna-agcblocks Columna ag-animation css-fadeInUp  JustifyflexStart backgroundNoRepeat backgroundContain\" data-ag-animation=\"fadeInUp\" data-ag-animation-delay=\"420ms\"><div class=\"ColumnaContent paddingTopBottom0 paddingLeftRight20\">\n<figure class=\"wp-block-image size-large coverImage\"><img loading=\"lazy\" decoding=\"async\" width=\"500\" height=\"300\" src=\"https:\/\/bluefoxcargo.com\/wp-content\/uploads\/2021\/03\/solar.jpg\" alt=\"Energy\" class=\"wp-image-1700\" title=\"Energy\" srcset=\"https:\/\/bluefoxcargo.com\/wp-content\/uploads\/2021\/03\/solar.jpg 500w, https:\/\/bluefoxcargo.com\/wp-content\/uploads\/2021\/03\/solar-220x132.jpg 220w, https:\/\/bluefoxcargo.com\/wp-content\/uploads\/2021\/03\/solar-480x288.jpg 480w\" sizes=\"auto, (max-width: 500px) 100vw, 500px\" \/><figcaption>Energ\u00eda<\/figcaption><\/figure>\n<\/div> <\/div>\n<\/div> <div class=\"bg-forma bg-forma-display-none\"><\/div><\/section>\n\n\n\n<p><\/p>\n<\/div><\/div> <div class=\"bg-forma\"><\/div><\/section>\n\n\n\n<section class=\"wp-block-agctexdomain-wrapper-agcblocks alignfull paddingTopBottom0 backgroundNoRepeat backgroundContain alturaDefault\"><div class=\"container\"><div class=\"wrapper-inner-blocks\">\n<section class=\"wp-block-agctexdomain-columnas-agcblocks alignwide columnas col-2 col-2-a paddingTopBottom0 backgroundNoRepeat backgroundContain alturaDefault\" id=\"contacto\"><div class=\"container\">\n<div class=\"wp-block-agctexdomain-columna-agcblocks Columna ag-animation css-fadeInLeft  JustifyflexStart backgroundNoRepeat backgroundCover\" data-ag-animation=\"fadeInLeft\" style=\"background-image:url(https:\/\/bluefoxcargo.com\/wp-content\/uploads\/2021\/02\/Logistica_y_transporte_monterrey.jpg)\"><div class=\"ColumnaContent paddingTopBottom0 paddingLeftRight0\">\n<div style=\"height:400px\" aria-hidden=\"true\" class=\"wp-block-spacer\"><\/div>\n<\/div> <\/div>\n\n\n\n<div class=\"wp-block-agctexdomain-columna-agcblocks Columna ag-animation css-fadeInRight  JustifyflexStart backgroundNoRepeat backgroundContain\" data-ag-animation=\"fadeInRight\" style=\"background-color:#032343\"><div class=\"ColumnaContent paddingTopBottom0 paddingLeftRight80\">\n<div style=\"height:80px\" aria-hidden=\"true\" class=\"wp-block-spacer\"><\/div>\n\n\n\n<h3 class=\"has-text-color wp-block-heading\" style=\"color:#ffffff\">Contacto<\/h3>\n\n\n\n<div class=\"wpcf7 no-js\" id=\"wpcf7-f1810-o1\" lang=\"en-US\" dir=\"ltr\" data-wpcf7-id=\"1810\">\n<div class=\"screen-reader-response\"><p role=\"status\" aria-live=\"polite\" aria-atomic=\"true\"><\/p> <ul><\/ul><\/div>\n<form action=\"\/es\/wp-json\/wp\/v2\/pages\/1727#wpcf7-f1810-o1\" method=\"post\" class=\"wpcf7-form init\" aria-label=\"Contact form\" novalidate=\"novalidate\" data-status=\"init\">\n<fieldset class=\"hidden-fields-container\"><input type=\"hidden\" name=\"_wpcf7\" value=\"1810\" \/><input type=\"hidden\" name=\"_wpcf7_version\" value=\"6.1.5\" \/><input type=\"hidden\" name=\"_wpcf7_locale\" value=\"en_US\" \/><input type=\"hidden\" name=\"_wpcf7_unit_tag\" value=\"wpcf7-f1810-o1\" \/><input type=\"hidden\" name=\"_wpcf7_container_post\" value=\"0\" \/><input type=\"hidden\" name=\"_wpcf7_posted_data_hash\" value=\"\" \/>\n<\/fieldset>\n<div class=\"content-formulario-principal formulario-principal-blue  materializeForm\">\n\t<div class=\"wrap-form wrap-form-2\">\n\t\t<div class=\"input-wrap-form input-wrap-materializeForm\">\n\t\t\t<p><label>Nombre <span class=\"requerido\">*<\/span><\/label><span class=\"wpcf7-form-control-wrap\" data-name=\"your-name\"><input size=\"40\" maxlength=\"400\" class=\"wpcf7-form-control wpcf7-text wpcf7-validates-as-required\" aria-required=\"true\" aria-invalid=\"false\" value=\"\" type=\"text\" name=\"your-name\" \/><\/span>\n\t\t\t<\/p>\n\t\t<\/div>\n\t\t<div class=\"input-wrap-form input-wrap-materializeForm\">\n\t\t\t<p><label>Apellido <span class=\"requerido\">*<\/span><\/label><span class=\"wpcf7-form-control-wrap\" data-name=\"your-surname\"><input size=\"40\" maxlength=\"400\" class=\"wpcf7-form-control wpcf7-text wpcf7-validates-as-required\" aria-required=\"true\" aria-invalid=\"false\" value=\"\" type=\"text\" name=\"your-surname\" \/><\/span>\n\t\t\t<\/p>\n\t\t<\/div>\n\t<\/div>\n\t<div class=\"wrap-form wrap-form-2\">\n\t\t<div class=\"input-wrap-form input-wrap-materializeForm\">\n\t\t\t<p><label> Email <span class=\"requerido\">*<\/span><\/label><span class=\"wpcf7-form-control-wrap\" data-name=\"your-email\"><input size=\"40\" maxlength=\"400\" class=\"wpcf7-form-control wpcf7-email wpcf7-validates-as-required wpcf7-text wpcf7-validates-as-email\" aria-required=\"true\" aria-invalid=\"false\" value=\"\" type=\"email\" name=\"your-email\" \/><\/span>\n\t\t\t<\/p>\n\t\t<\/div>\n\t\t<div class=\"input-wrap-form input-wrap-materializeForm\">\n\t\t\t<p><label> Tel\u00e9fono <span class=\"requerido\">*<\/span><\/label><span class=\"wpcf7-form-control-wrap\" data-name=\"tel-635\"><input size=\"40\" maxlength=\"400\" class=\"wpcf7-form-control wpcf7-tel wpcf7-validates-as-required wpcf7-text wpcf7-validates-as-tel\" aria-required=\"true\" aria-invalid=\"false\" value=\"\" type=\"tel\" name=\"tel-635\" \/><\/span>\n\t\t\t<\/p>\n\t\t<\/div>\n\t<\/div>\n\t<div class=\"wrap-form wrap-form-1\">\n\t\t<div class=\"input-wrap-form input-wrap-materializeForm\">\n\t\t\t<p><label> Dudas o Comentarios <span class=\"requerido\">*<\/span><\/label><span class=\"wpcf7-form-control-wrap\" data-name=\"your-message\"><textarea cols=\"40\" rows=\"10\" maxlength=\"2000\" class=\"wpcf7-form-control wpcf7-textarea wpcf7-validates-as-required\" aria-required=\"true\" aria-invalid=\"false\" name=\"your-message\"><\/textarea><\/span>\n\t\t\t<\/p>\n\t\t<\/div>\n\t<\/div>\n\t<div class=\"wrap-form wrap-form-1\">\n\t\t<div class=\"input-wrap-form\">\n\t\t\t<div class=\"wrap-quiz-captcha\">\n\t\t\t\t<p><label>Resuelve el captcha <span class=\"requerido\">*<\/span><\/label><span class=\"wpcf7-form-control-wrap\" data-name=\"quiz-963\"><label><span class=\"wpcf7-quiz-label\">\u00bfCu\u00e1nto es 7 + 4? =<\/span> <input size=\"40\" class=\"wpcf7-form-control wpcf7-quiz\" autocomplete=\"off\" aria-required=\"true\" aria-invalid=\"false\" type=\"text\" name=\"quiz-963\" \/><\/label><input type=\"hidden\" name=\"_wpcf7_quiz_answer_quiz-963\" value=\"c840c5c22a8fba7b612613905a0da084\" \/><\/span>\n\t\t\t\t<\/p>\n\t\t\t\t<p><span id=\"wpcf7-69ea69cec3f2a-wrapper\" class=\"wpcf7-form-control-wrap email-wrap\" style=\"display:none !important; visibility:hidden !important;\"><label for=\"wpcf7-69ea69cec3f2a-field\" class=\"hp-message\">Please leave this field empty.<\/label><input id=\"wpcf7-69ea69cec3f2a-field\"  class=\"wpcf7-form-control wpcf7-text\" type=\"text\" name=\"email\" value=\"\" size=\"40\" tabindex=\"-1\" autocomplete=\"new-password\" \/><\/span>\n\t\t\t\t<\/p>\n\t\t\t<\/div>\n\t\t<\/div>\n\t<\/div>\n\t<div class=\"wrap-form wrap-form-1\">\n\t\t<div class=\"input-wrap-form input-wrap-materializeForm\">\n\t\t\t<p><input class=\"wpcf7-form-control wpcf7-submit has-spinner\" type=\"submit\" value=\"Enviar Mensaje\" \/>\n\t\t\t<\/p>\n\t\t<\/div>\n\t<\/div>\n<\/div><div class=\"wpcf7-response-output\" aria-hidden=\"true\"><\/div>\n<\/form>\n<\/div>\n\n\n\n\n<div style=\"height:80px\" aria-hidden=\"true\" class=\"wp-block-spacer\"><\/div>\n<\/div> <\/div>\n<\/div> <div class=\"bg-forma bg-forma-display-none\"><\/div><\/section>\n<\/div><\/div> <div class=\"bg-forma\"><\/div><\/section>\n","protected":false},"excerpt":{"rendered":"","protected":false},"author":1,"featured_media":0,"parent":0,"menu_order":15,"comment_status":"closed","ping_status":"closed","template":"","meta":{"_acf_changed":false,"footnotes":""},"class_list":["post-1727","page","type-page","status-publish","hentry"],"acf":[],"_links":{"self":[{"href":"https:\/\/bluefoxcargo.com\/es\/wp-json\/wp\/v2\/pages\/1727","targetHints":{"allow":["GET"]}}],"collection":[{"href":"https:\/\/bluefoxcargo.com\/es\/wp-json\/wp\/v2\/pages"}],"about":[{"href":"https:\/\/bluefoxcargo.com\/es\/wp-json\/wp\/v2\/types\/page"}],"author":[{"embeddable":true,"href":"https:\/\/bluefoxcargo.com\/es\/wp-json\/wp\/v2\/users\/1"}],"replies":[{"embeddable":true,"href":"https:\/\/bluefoxcargo.com\/es\/wp-json\/wp\/v2\/comments?post=1727"}],"version-history":[{"count":3,"href":"https:\/\/bluefoxcargo.com\/es\/wp-json\/wp\/v2\/pages\/1727\/revisions"}],"predecessor-version":[{"id":1855,"href":"https:\/\/bluefoxcargo.com\/es\/wp-json\/wp\/v2\/pages\/1727\/revisions\/1855"}],"wp:attachment":[{"href":"https:\/\/bluefoxcargo.com\/es\/wp-json\/wp\/v2\/media?parent=1727"}],"curies":[{"name":"wp","href":"https:\/\/api.w.org\/{rel}","templated":true}]}}